{"id":3,"date":"2019-03-05T08:52:36","date_gmt":"2019-03-05T07:52:36","guid":{"rendered":"https:\/\/asil.dk\/?page_id=3"},"modified":"2025-05-12T09:01:54","modified_gmt":"2025-05-12T07:01:54","slug":"privatlivspolitik","status":"publish","type":"page","link":"https:\/\/asil.dk\/en\/privatlivspolitik\/","title":{"rendered":"Privacy Policy"},"content":{"rendered":"<div data-elementor-type=\"wp-post\" data-elementor-id=\"3\" class=\"elementor elementor-3\" data-elementor-post-type=\"page\">\n\t\t\t\t<div class=\"elementor-element elementor-element-3a0076d e-flex e-con-boxed e-con e-parent\" data-id=\"3a0076d\" data-element_type=\"container\" data-e-type=\"container\" data-settings=\"{&quot;background_background&quot;:&quot;classic&quot;}\">\n\t\t\t\t\t<div class=\"e-con-inner\">\n\t\t<div class=\"elementor-element elementor-element-72ee50d e-con-full e-flex e-con e-child\" data-id=\"72ee50d\" data-element_type=\"container\" data-e-type=\"container\">\n\t\t\t\t<\/div>\n\t\t<div class=\"elementor-element elementor-element-71ae972 e-con-full e-flex e-con e-child\" data-id=\"71ae972\" data-element_type=\"container\" data-e-type=\"container\" data-settings=\"{&quot;background_background&quot;:&quot;gradient&quot;,&quot;position&quot;:&quot;absolute&quot;}\">\n\t\t<div class=\"elementor-element elementor-element-046045c e-con-full e-flex e-con e-child\" data-id=\"046045c\" data-element_type=\"container\" data-e-type=\"container\" data-settings=\"{&quot;background_background&quot;:&quot;classic&quot;}\">\n\t\t\t\t<\/div>\n\t\t\t\t<\/div>\n\t\t<div class=\"elementor-element elementor-element-053fb6e e-con-full e-flex e-con e-child\" data-id=\"053fb6e\" data-element_type=\"container\" data-e-type=\"container\" data-settings=\"{&quot;background_background&quot;:&quot;gradient&quot;,&quot;position&quot;:&quot;absolute&quot;}\">\n\t\t\t\t<\/div>\n\t\t<div class=\"elementor-element elementor-element-8abadb1 e-con-full e-flex e-con e-child\" data-id=\"8abadb1\" data-element_type=\"container\" data-e-type=\"container\" data-settings=\"{&quot;background_background&quot;:&quot;gradient&quot;,&quot;position&quot;:&quot;absolute&quot;}\">\n\t\t\t\t<\/div>\n\t\t\t\t\t<\/div>\n\t\t\t\t<\/div>\n\t\t<div class=\"elementor-element elementor-element-a7be53a e-flex e-con-boxed e-con e-parent\" data-id=\"a7be53a\" data-element_type=\"container\" data-e-type=\"container\">\n\t\t\t\t\t<div class=\"e-con-inner\">\n\t\t\t\t<div class=\"elementor-element elementor-element-0811e38 elementor-widget__width-initial elementor-widget elementor-widget-text-editor\" data-id=\"0811e38\" data-element_type=\"widget\" data-e-type=\"widget\" data-widget_type=\"text-editor.default\">\n\t\t\t\t<div class=\"elementor-widget-container\">\n\t\t\t\t\t\t\t\t\t<p style=\"font-weight: 400;\">Denne privatlivspolitik fort\u00e6ller dig om de oplysninger, vi indsamler fra dig, n\u00e5r du bruger vores hjemmeside. Ved indsamling af disse oplysninger optr\u00e6der ASIL ApS som Dataansvarlig, og vi skal if\u00f8lge loven give dig oplysninger om os, om hvorfor og hvordan vi bruger dine data og om de rettigheder, du har over dine data.<\/p><h5>\u00a0<\/h5><h5>1.\u00a0\u00a0\u00a0 Hvem er vi?<\/h5><p style=\"font-weight: 400;\">Vi er:<\/p><p style=\"font-weight: 400;\">ASIL ApS<br \/>CVR: 44291487<br \/>Gothersgade 11A<br \/>1123 K\u00f8benhavn K<\/p><p style=\"font-weight: 400;\">Kontaktpersoner: Rasmus Carlsen og Per Storm, <a href=\"mailto:gdpr@asil.dk\">gdpr@asil.dk<\/a><\/p><p style=\"font-weight: 400;\">Henvendelser om vores brug af dine persondata skal rettes til kontaktoplysningerne ovenfor.<\/p><h5>\u00a0<\/h5><h5>2.\u00a0\u00a0\u00a0 S\u00e5dan bruger vi dine oplysninger<\/h5><h6>N\u00e5r du bruger vores hjemmeside<\/h6><p style=\"font-weight: 400;\">N\u00e5r du bes\u00f8ger vores hjemmeside, kan der, hvis du samtykker hertil, anvendes \u201dcookies\u201d til at indsamle oplysninger om dig, som kan bruges til at tilpasse og forbedre vores indhold, markedsf\u00f8ring og statistik. Du kan til enhver tid \u00e6ndre dit samtykke, ved at klikke p\u00e5 cookie-ikonet nederst p\u00e5 vores side.<br \/><br \/><\/p><h6>N\u00e5r du sender en kontaktformular via vores hjemmeside<\/h6><p style=\"font-weight: 400;\">N\u00e5r du sender en kontaktformular via vores hjemmeside, behandler vi dine oplysninger p\u00e5 baggrund af vores legitime interesse i at levere pr\u00e6cise oplysninger til dig, forud for et eventuelt samarbejde.<\/p><p style=\"font-weight: 400;\">VI beder vi dig om dit navn, telefonnummer og e-mailadresse. Vi bruger vi dine oplysninger til at svare p\u00e5 din foresp\u00f8rgsel, herunder at give dig de \u00f8nskede oplysninger om vores produkter og tjenester. Vi kan ogs\u00e5 kontakte dig flere gange for at f\u00f8lge op p\u00e5 din interesse og sikre, at vi har besvaret din henvendelse til din tilfredshed.<\/p><p style=\"font-weight: 400;\">Din foresp\u00f8rgsel fremsendes til relevante personer i vores organisation. Vi gemmer din henvendelser op til 5 \u00e5r, hvorefter vi sletter den.<\/p><p style=\"font-weight: 400;\">\u00a0<\/p><h5><span style=\"text-align: var(--text-align); font-family: var( --e-global-typography-text-font-family ), Sans-serif; font-style: var( --e-global-typography-text-font-style ); text-decoration: var( --e-global-typography-text-text-decoration );\">3.\u00a0<\/span><span style=\"font-weight: bold; color: #033740; font-size: 24px; text-align: var(--text-align); font-family: var( --e-global-typography-text-font-family ), Sans-serif; font-style: var( --e-global-typography-text-font-style ); text-decoration: var( --e-global-typography-text-text-decoration );\">Dine rettigheder som registreret<\/span><\/h5><p>Du har til enhver tid ret til at f\u00e5 at vide, hvilke persondata vi har om dig, og du kan bede os om at rette dem, hvis de er forkerte. Hvis vi har bedt om dit samtykke til at behandle dine persondata, kan du til enhver tid tilbagetr\u00e6kke samtykket.<\/p><p>Hvis vi behandler dine persondata p\u00e5 baggrund af samtykke eller opfyldelse af en kontrakt, kan du bede os om at give dig en kopi af data i et maskinl\u00e6sbart format, s\u00e5 du kan overf\u00f8re det til en anden udbyder.<\/p><p>Hvis vi behandler dine personlige oplysninger p\u00e5 baggrund af samtykke eller legitim interesse, kan du anmode om, at dine data slettes.<\/p><p>Du har ret til at bede os om at stoppe med at bruge dine oplysninger i et stykke tid, hvis du mener, at vi ikke behandler dem lovligt.<\/p><p>Endelig kan du i nogle tilf\u00e6lde bede os om at undlade at tr\u00e6ffe beslutninger, der ber\u00f8rer dig, ved brug af automatiseret databehandling eller profilering.<\/p><p>For at indsende en anmodning om dine persondata via e-mail, post eller telefon, bedes du bruge de kontaktoplysninger, der er angivet ovenfor, i \u201cHvem er vi\u201d- sektionen af denne politik.<\/p><p>\u00a0<\/p><h5>4.\u00a0\u00a0\u00a0 Din ret til at klage<\/h5><p style=\"font-weight: 400;\">Hvis du vil klage over vores brug af dine data, foretr\u00e6kker vi at du kontakter os direkte i f\u00f8rste omgang, s\u00e5 vi kan behandle din klage. Du kan dog ogs\u00e5 kontakte Datatilsynet via deres hjemmeside p\u00e5 www.datatilsynet.dk.<\/p><p style=\"font-weight: 400;\">\u00a0<\/p>\t\t\t\t\t\t\t\t<\/div>\n\t\t\t\t<\/div>\n\t\t\t\t\t<\/div>\n\t\t\t\t<\/div>\n\t\t\t\t<\/div>","protected":false},"excerpt":{"rendered":"<p>Denne privatlivspolitik fort\u00e6ller dig om de oplysninger, vi indsamler fra dig, n\u00e5r du bruger vores hjemmeside. Ved indsamling af disse oplysninger optr\u00e6der ASIL ApS som Dataansvarlig, og vi skal if\u00f8lge loven give dig oplysninger om os, om hvorfor og hvordan vi bruger dine data og om de rettigheder, du har over dine data. \u00a0 1.\u00a0\u00a0\u00a0 [&hellip;]<\/p>\n","protected":false},"author":1,"featured_media":0,"parent":0,"menu_order":0,"comment_status":"closed","ping_status":"open","template":"","meta":{"footnotes":""},"class_list":["post-3","page","type-page","status-publish","hentry"],"yoast_head":"<!-- This site is optimized with the Yoast SEO plugin v27.5 - https:\/\/yoast.com\/product\/yoast-seo-wordpress\/ -->\n<title>Privatlivspolitik - Asil<\/title>\n<meta name=\"robots\" content=\"index, follow, max-snippet:-1, max-image-preview:large, max-video-preview:-1\" \/>\n<link rel=\"canonical\" href=\"https:\/\/asil.dk\/en\/privatlivspolitik\/\" \/>\n<meta property=\"og:locale\" content=\"en_GB\" \/>\n<meta property=\"og:type\" content=\"article\" \/>\n<meta property=\"og:title\" content=\"Privatlivspolitik - Asil\" \/>\n<meta property=\"og:description\" content=\"Denne privatlivspolitik fort\u00e6ller dig om de oplysninger, vi indsamler fra dig, n\u00e5r du bruger vores hjemmeside. Ved indsamling af disse oplysninger optr\u00e6der ASIL ApS som Dataansvarlig, og vi skal if\u00f8lge loven give dig oplysninger om os, om hvorfor og hvordan vi bruger dine data og om de rettigheder, du har over dine data. \u00a0 1.\u00a0\u00a0\u00a0 [&hellip;]\" \/>\n<meta property=\"og:url\" content=\"https:\/\/asil.dk\/en\/privatlivspolitik\/\" \/>\n<meta property=\"og:site_name\" content=\"Asil\" \/>\n<meta property=\"article:modified_time\" content=\"2025-05-12T07:01:54+00:00\" \/>\n<meta name=\"twitter:card\" content=\"summary_large_image\" \/>\n<meta name=\"twitter:label1\" content=\"Estimated reading time\" \/>\n\t<meta name=\"twitter:data1\" content=\"3 minutes\" \/>\n<script type=\"application\/ld+json\" class=\"yoast-schema-graph\">{\"@context\":\"https:\\\/\\\/schema.org\",\"@graph\":[{\"@type\":\"WebPage\",\"@id\":\"https:\\\/\\\/asil.dk\\\/privatlivspolitik\\\/\",\"url\":\"https:\\\/\\\/asil.dk\\\/privatlivspolitik\\\/\",\"name\":\"Privatlivspolitik - Asil\",\"isPartOf\":{\"@id\":\"https:\\\/\\\/asil.dk\\\/#website\"},\"datePublished\":\"2019-03-05T07:52:36+00:00\",\"dateModified\":\"2025-05-12T07:01:54+00:00\",\"inLanguage\":\"en-GB\",\"potentialAction\":[{\"@type\":\"ReadAction\",\"target\":[\"https:\\\/\\\/asil.dk\\\/privatlivspolitik\\\/\"]}]},{\"@type\":\"WebSite\",\"@id\":\"https:\\\/\\\/asil.dk\\\/#website\",\"url\":\"https:\\\/\\\/asil.dk\\\/\",\"name\":\"Asil\",\"description\":\"\",\"publisher\":{\"@id\":\"https:\\\/\\\/asil.dk\\\/#organization\"},\"potentialAction\":[{\"@type\":\"SearchAction\",\"target\":{\"@type\":\"EntryPoint\",\"urlTemplate\":\"https:\\\/\\\/asil.dk\\\/?s={search_term_string}\"},\"query-input\":{\"@type\":\"PropertyValueSpecification\",\"valueRequired\":true,\"valueName\":\"search_term_string\"}}],\"inLanguage\":\"en-GB\"},{\"@type\":\"Organization\",\"@id\":\"https:\\\/\\\/asil.dk\\\/#organization\",\"name\":\"Asil\",\"url\":\"https:\\\/\\\/asil.dk\\\/\",\"logo\":{\"@type\":\"ImageObject\",\"inLanguage\":\"en-GB\",\"@id\":\"https:\\\/\\\/asil.dk\\\/#\\\/schema\\\/logo\\\/image\\\/\",\"url\":\"https:\\\/\\\/asil.dk\\\/wp-content\\\/uploads\\\/logo-e1743680678167.png\",\"contentUrl\":\"https:\\\/\\\/asil.dk\\\/wp-content\\\/uploads\\\/logo-e1743680678167.png\",\"width\":300,\"height\":80,\"caption\":\"Asil\"},\"image\":{\"@id\":\"https:\\\/\\\/asil.dk\\\/#\\\/schema\\\/logo\\\/image\\\/\"}}]}<\/script>\n<!-- \/ Yoast SEO plugin. -->","yoast_head_json":{"title":"Privatlivspolitik - Asil","robots":{"index":"index","follow":"follow","max-snippet":"max-snippet:-1","max-image-preview":"max-image-preview:large","max-video-preview":"max-video-preview:-1"},"canonical":"https:\/\/asil.dk\/en\/privatlivspolitik\/","og_locale":"en_GB","og_type":"article","og_title":"Privatlivspolitik - Asil","og_description":"Denne privatlivspolitik fort\u00e6ller dig om de oplysninger, vi indsamler fra dig, n\u00e5r du bruger vores hjemmeside. Ved indsamling af disse oplysninger optr\u00e6der ASIL ApS som Dataansvarlig, og vi skal if\u00f8lge loven give dig oplysninger om os, om hvorfor og hvordan vi bruger dine data og om de rettigheder, du har over dine data. \u00a0 1.\u00a0\u00a0\u00a0 [&hellip;]","og_url":"https:\/\/asil.dk\/en\/privatlivspolitik\/","og_site_name":"Asil","article_modified_time":"2025-05-12T07:01:54+00:00","twitter_card":"summary_large_image","twitter_misc":{"Estimated reading time":"3 minutes"},"schema":{"@context":"https:\/\/schema.org","@graph":[{"@type":"WebPage","@id":"https:\/\/asil.dk\/privatlivspolitik\/","url":"https:\/\/asil.dk\/privatlivspolitik\/","name":"Privatlivspolitik - Asil","isPartOf":{"@id":"https:\/\/asil.dk\/#website"},"datePublished":"2019-03-05T07:52:36+00:00","dateModified":"2025-05-12T07:01:54+00:00","inLanguage":"en-GB","potentialAction":[{"@type":"ReadAction","target":["https:\/\/asil.dk\/privatlivspolitik\/"]}]},{"@type":"WebSite","@id":"https:\/\/asil.dk\/#website","url":"https:\/\/asil.dk\/","name":"Asil","description":"","publisher":{"@id":"https:\/\/asil.dk\/#organization"},"potentialAction":[{"@type":"SearchAction","target":{"@type":"EntryPoint","urlTemplate":"https:\/\/asil.dk\/?s={search_term_string}"},"query-input":{"@type":"PropertyValueSpecification","valueRequired":true,"valueName":"search_term_string"}}],"inLanguage":"en-GB"},{"@type":"Organization","@id":"https:\/\/asil.dk\/#organization","name":"Asil","url":"https:\/\/asil.dk\/","logo":{"@type":"ImageObject","inLanguage":"en-GB","@id":"https:\/\/asil.dk\/#\/schema\/logo\/image\/","url":"https:\/\/asil.dk\/wp-content\/uploads\/logo-e1743680678167.png","contentUrl":"https:\/\/asil.dk\/wp-content\/uploads\/logo-e1743680678167.png","width":300,"height":80,"caption":"Asil"},"image":{"@id":"https:\/\/asil.dk\/#\/schema\/logo\/image\/"}}]}},"_links":{"self":[{"href":"https:\/\/asil.dk\/en\/wp-json\/wp\/v2\/pages\/3","targetHints":{"allow":["GET"]}}],"collection":[{"href":"https:\/\/asil.dk\/en\/wp-json\/wp\/v2\/pages"}],"about":[{"href":"https:\/\/asil.dk\/en\/wp-json\/wp\/v2\/types\/page"}],"author":[{"embeddable":true,"href":"https:\/\/asil.dk\/en\/wp-json\/wp\/v2\/users\/1"}],"replies":[{"embeddable":true,"href":"https:\/\/asil.dk\/en\/wp-json\/wp\/v2\/comments?post=3"}],"version-history":[{"count":20,"href":"https:\/\/asil.dk\/en\/wp-json\/wp\/v2\/pages\/3\/revisions"}],"predecessor-version":[{"id":2833,"href":"https:\/\/asil.dk\/en\/wp-json\/wp\/v2\/pages\/3\/revisions\/2833"}],"wp:attachment":[{"href":"https:\/\/asil.dk\/en\/wp-json\/wp\/v2\/media?parent=3"}],"curies":[{"name":"wp","href":"https:\/\/api.w.org\/{rel}","templated":true}]}}