{"id":2565,"date":"2025-04-28T12:41:16","date_gmt":"2025-04-28T10:41:16","guid":{"rendered":"https:\/\/asil.dk\/?page_id=2565"},"modified":"2026-02-24T14:29:40","modified_gmt":"2026-02-24T13:29:40","slug":"jobs","status":"publish","type":"page","link":"https:\/\/asil.dk\/en\/jobs\/","title":{"rendered":"Jobs"},"content":{"rendered":"\t\t<div data-elementor-type=\"wp-page\" data-elementor-id=\"2565\" class=\"elementor elementor-2565\" data-elementor-post-type=\"page\">\n\t\t\t\t<div class=\"elementor-element elementor-element-998fd83 e-flex e-con-boxed e-con e-parent\" data-id=\"998fd83\" data-element_type=\"container\" data-e-type=\"container\" data-settings=\"{&quot;background_background&quot;:&quot;classic&quot;}\">\n\t\t\t\t\t<div class=\"e-con-inner\">\n\t\t<div class=\"elementor-element elementor-element-c55da3b e-con-full e-flex e-con e-child\" data-id=\"c55da3b\" data-element_type=\"container\" data-e-type=\"container\">\n\t\t\t\t<\/div>\n\t\t<div class=\"elementor-element elementor-element-b6d42a0 e-con-full e-flex e-con e-child\" data-id=\"b6d42a0\" data-element_type=\"container\" data-e-type=\"container\" data-settings=\"{&quot;background_background&quot;:&quot;gradient&quot;}\">\n\t\t<div class=\"elementor-element elementor-element-eded807 e-con-full e-flex e-con e-child\" data-id=\"eded807\" data-element_type=\"container\" data-e-type=\"container\" data-settings=\"{&quot;background_background&quot;:&quot;classic&quot;}\">\n\t\t\t\t<\/div>\n\t\t\t\t<\/div>\n\t\t<div class=\"elementor-element elementor-element-ee94a76 e-con-full e-flex e-con e-child\" data-id=\"ee94a76\" data-element_type=\"container\" data-e-type=\"container\" data-settings=\"{&quot;background_background&quot;:&quot;gradient&quot;,&quot;position&quot;:&quot;absolute&quot;}\">\n\t\t\t\t<\/div>\n\t\t<div class=\"elementor-element elementor-element-5f4c50b e-con-full e-flex e-con e-child\" data-id=\"5f4c50b\" data-element_type=\"container\" data-e-type=\"container\" data-settings=\"{&quot;background_background&quot;:&quot;gradient&quot;,&quot;position&quot;:&quot;absolute&quot;}\">\n\t\t\t\t<\/div>\n\t\t\t\t\t<\/div>\n\t\t\t\t<\/div>\n\t\t<div class=\"elementor-element elementor-element-6be3921 e-flex e-con-boxed e-con e-parent\" data-id=\"6be3921\" data-element_type=\"container\" data-e-type=\"container\" data-settings=\"{&quot;background_background&quot;:&quot;classic&quot;}\">\n\t\t\t\t\t<div class=\"e-con-inner\">\n\t\t<div class=\"elementor-element elementor-element-e0456fb e-con-full e-flex e-con e-child\" data-id=\"e0456fb\" data-element_type=\"container\" data-e-type=\"container\">\n\t\t<div class=\"elementor-element elementor-element-722401f e-con-full e-flex e-con e-child\" data-id=\"722401f\" data-element_type=\"container\" data-e-type=\"container\">\n\t\t\t\t<div class=\"elementor-element elementor-element-98e6e81 elementor-widget elementor-widget-heading\" data-id=\"98e6e81\" data-element_type=\"widget\" data-e-type=\"widget\" data-widget_type=\"heading.default\">\n\t\t\t\t<div class=\"elementor-widget-container\">\n\t\t\t\t\t<h2 class=\"elementor-heading-title elementor-size-default\">Ledige stillinger<\/h2>\t\t\t\t<\/div>\n\t\t\t\t<\/div>\n\t\t\t\t<\/div>\n\t\t<div class=\"elementor-element elementor-element-73151f3 e-con-full e-flex e-con e-child\" data-id=\"73151f3\" data-element_type=\"container\" data-e-type=\"container\">\n\t\t\t\t<div class=\"elementor-element elementor-element-7f705d2 elementor-widget elementor-widget-text-editor\" data-id=\"7f705d2\" data-element_type=\"widget\" data-e-type=\"widget\" data-widget_type=\"text-editor.default\">\n\t\t\t\t<div class=\"elementor-widget-container\">\n\t\t\t\t\t\t\t\t\t<h5 class=\"elementor-heading-title elementor-size-default\">Ekspertise, erfaring &amp; service kvalitet<\/h5>\n<div><br><\/div>\n<p>Med vores samlede erfaring p\u00e5 30 \u00e5r og et dygtigt team af teknikere leverer vi f\u00f8rsteklasses service, der sikrer optimal ejendomsdrift. Det kan vi kun g\u00f8re gennem et st\u00e6rkt og serviceminded team, med relevante kompetencer og erfaring.<\/p>\t\t\t\t\t\t\t\t<\/div>\n\t\t\t\t<\/div>\n\t\t\t\t<\/div>\n\t\t\t\t<\/div>\n\t\t<div class=\"elementor-element elementor-element-03f05e1 e-con-full e-grid e-con e-child\" data-id=\"03f05e1\" data-element_type=\"container\" data-e-type=\"container\">\n\t\t<div class=\"elementor-element elementor-element-1ede2ec e-con-full e-flex e-con e-child\" data-id=\"1ede2ec\" data-element_type=\"container\" data-e-type=\"container\">\n\t\t<div class=\"elementor-element elementor-element-e935ab3 e-con-full e-flex e-con e-child\" data-id=\"e935ab3\" data-element_type=\"container\" data-e-type=\"container\">\n\t\t\t\t<div class=\"elementor-element elementor-element-10998be elementor-widget elementor-widget-heading\" data-id=\"10998be\" data-element_type=\"widget\" data-e-type=\"widget\" data-widget_type=\"heading.default\">\n\t\t\t\t<div class=\"elementor-widget-container\">\n\t\t\t\t\t<h5 class=\"elementor-heading-title elementor-size-default\">Ingen ledige jobs p.t.<\/h5>\t\t\t\t<\/div>\n\t\t\t\t<\/div>\n\t\t\t\t<\/div>\n\t\t\t\t<\/div>\n\t\t<div class=\"elementor-element elementor-element-49ff7a9 e-con-full e-flex e-con e-child\" data-id=\"49ff7a9\" data-element_type=\"container\" data-e-type=\"container\">\n\t\t\t\t<div class=\"elementor-element elementor-element-5a2a9c1 elementor-widget elementor-widget-image\" data-id=\"5a2a9c1\" data-element_type=\"widget\" data-e-type=\"widget\" data-widget_type=\"image.default\">\n\t\t\t\t<div class=\"elementor-widget-container\">\n\t\t\t\t\t\t\t\t\t\t\t\t\t\t\t<img fetchpriority=\"high\" decoding=\"async\" width=\"800\" height=\"800\" src=\"https:\/\/asil.dk\/wp-content\/uploads\/Title-5-1024x1024.png\" class=\"attachment-large size-large wp-image-2789\" alt=\"\" srcset=\"https:\/\/asil.dk\/wp-content\/uploads\/Title-5-1024x1024.png 1024w, https:\/\/asil.dk\/wp-content\/uploads\/Title-5-300x300.png 300w, https:\/\/asil.dk\/wp-content\/uploads\/Title-5-150x150.png 150w, https:\/\/asil.dk\/wp-content\/uploads\/Title-5-768x768.png 768w, https:\/\/asil.dk\/wp-content\/uploads\/Title-5-12x12.png 12w, https:\/\/asil.dk\/wp-content\/uploads\/Title-5.png 1200w\" sizes=\"(max-width: 800px) 100vw, 800px\" \/>\t\t\t\t\t\t\t\t\t\t\t\t\t\t\t<\/div>\n\t\t\t\t<\/div>\n\t\t\t\t<\/div>\n\t\t\t\t<div class=\"elementor-element elementor-element-34f027e elementor-widget elementor-widget-image\" data-id=\"34f027e\" data-element_type=\"widget\" data-e-type=\"widget\" data-widget_type=\"image.default\">\n\t\t\t\t<div class=\"elementor-widget-container\">\n\t\t\t\t\t\t\t\t\t\t\t\t\t\t\t<img decoding=\"async\" width=\"800\" height=\"352\" src=\"https:\/\/asil.dk\/wp-content\/uploads\/glass-of-a-modern-stylish-building-outside-view-2025-02-14-15-27-39-utc-e1743762430147-1024x450.webp\" class=\"attachment-large size-large wp-image-1793\" alt=\"\" srcset=\"https:\/\/asil.dk\/wp-content\/uploads\/glass-of-a-modern-stylish-building-outside-view-2025-02-14-15-27-39-utc-e1743762430147-1024x450.webp 1024w, https:\/\/asil.dk\/wp-content\/uploads\/glass-of-a-modern-stylish-building-outside-view-2025-02-14-15-27-39-utc-e1743762430147-300x132.webp 300w, https:\/\/asil.dk\/wp-content\/uploads\/glass-of-a-modern-stylish-building-outside-view-2025-02-14-15-27-39-utc-e1743762430147-768x338.webp 768w, https:\/\/asil.dk\/wp-content\/uploads\/glass-of-a-modern-stylish-building-outside-view-2025-02-14-15-27-39-utc-e1743762430147-1536x675.webp 1536w, https:\/\/asil.dk\/wp-content\/uploads\/glass-of-a-modern-stylish-building-outside-view-2025-02-14-15-27-39-utc-e1743762430147-18x8.webp 18w, https:\/\/asil.dk\/wp-content\/uploads\/glass-of-a-modern-stylish-building-outside-view-2025-02-14-15-27-39-utc-e1743762430147.webp 2048w\" sizes=\"(max-width: 800px) 100vw, 800px\" \/>\t\t\t\t\t\t\t\t\t\t\t\t\t\t\t<\/div>\n\t\t\t\t<\/div>\n\t\t\t\t<\/div>\n\t\t\t\t\t<\/div>\n\t\t\t\t<\/div>\n\t\t<div class=\"elementor-element elementor-element-4c1fadb e-flex e-con-boxed e-con e-parent\" data-id=\"4c1fadb\" data-element_type=\"container\" data-e-type=\"container\" data-settings=\"{&quot;background_background&quot;:&quot;classic&quot;}\">\n\t\t\t\t\t<div class=\"e-con-inner\">\n\t\t<div class=\"elementor-element elementor-element-8904ef6 e-con-full e-flex e-con e-child\" data-id=\"8904ef6\" data-element_type=\"container\" data-e-type=\"container\" data-settings=\"{&quot;background_background&quot;:&quot;gradient&quot;}\">\n\t\t<div class=\"elementor-element elementor-element-cc9be61 e-con-full e-flex e-con e-child\" data-id=\"cc9be61\" data-element_type=\"container\" data-e-type=\"container\" data-settings=\"{&quot;background_background&quot;:&quot;classic&quot;}\">\n\t\t\t\t<\/div>\n\t\t\t\t<\/div>\n\t\t<div class=\"elementor-element elementor-element-f2fb596 e-con-full e-flex e-con e-child\" data-id=\"f2fb596\" data-element_type=\"container\" data-e-type=\"container\">\n\t\t\t\t<div class=\"elementor-element elementor-element-f504e39 elementor-invisible elementor-widget elementor-widget-heading\" data-id=\"f504e39\" data-element_type=\"widget\" data-e-type=\"widget\" data-settings=\"{&quot;_animation&quot;:&quot;fadeInDown&quot;}\" data-widget_type=\"heading.default\">\n\t\t\t\t<div class=\"elementor-widget-container\">\n\t\t\t\t\t<h3 class=\"elementor-heading-title elementor-size-default\">Er der en rolle for dig?<\/h3>\t\t\t\t<\/div>\n\t\t\t\t<\/div>\n\t\t\t\t<div class=\"elementor-element elementor-element-75badae elementor-invisible elementor-widget elementor-widget-text-editor\" data-id=\"75badae\" data-element_type=\"widget\" data-e-type=\"widget\" data-settings=\"{&quot;_animation&quot;:&quot;fadeIn&quot;,&quot;_animation_delay&quot;:300}\" data-widget_type=\"text-editor.default\">\n\t\t\t\t<div class=\"elementor-widget-container\">\n\t\t\t\t\t\t\t\t\t<div class=\"page\" title=\"Page 2\"><div class=\"layoutArea\"><div class=\"column\"><p>Send dit CV hurtigst muligt. Vi afholder samtaler l\u00f8bende og lukker stillingsopslagene, na\u030ar den rette kandidat er fundet.<\/p><p>Har du sp\u00f8rgsma\u030al, er du velkommen til at kontakte os, eller l\u00e6se mere p\u00e5 det direkte stillingsopslag.<\/p><\/div><\/div><\/div>\t\t\t\t\t\t\t\t<\/div>\n\t\t\t\t<\/div>\n\t\t<div class=\"elementor-element elementor-element-20644c1 e-con-full e-flex e-con e-child\" data-id=\"20644c1\" data-element_type=\"container\" data-e-type=\"container\">\n\t\t\t\t<div class=\"elementor-element elementor-element-146aaac elementor-view-framed elementor-position-inline-start elementor-mobile-position-inline-start elementor-shape-circle elementor-widget elementor-widget-icon-box\" data-id=\"146aaac\" data-element_type=\"widget\" data-e-type=\"widget\" data-widget_type=\"icon-box.default\">\n\t\t\t\t<div class=\"elementor-widget-container\">\n\t\t\t\t\t\t\t<div class=\"elementor-icon-box-wrapper\">\n\n\t\t\t\t\t\t<div class=\"elementor-icon-box-icon\">\n\t\t\t\t<a href=\"tel:+45%2053%2069%2037%2001\" class=\"elementor-icon\" tabindex=\"-1\" aria-label=\"+45 53 69 37 01\">\n\t\t\t\t<i aria-hidden=\"true\" class=\"fas fa-phone\"><\/i>\t\t\t\t<\/a>\n\t\t\t<\/div>\n\t\t\t\n\t\t\t\t\t\t<div class=\"elementor-icon-box-content\">\n\n\t\t\t\t\t\t\t\t\t<h6 class=\"elementor-icon-box-title\">\n\t\t\t\t\t\t<a href=\"tel:+45%2053%2069%2037%2001\" >\n\t\t\t\t\t\t\t+45 53 69 37 01\t\t\t\t\t\t<\/a>\n\t\t\t\t\t<\/h6>\n\t\t\t\t\n\t\t\t\t\n\t\t\t<\/div>\n\t\t\t\n\t\t<\/div>\n\t\t\t\t\t\t<\/div>\n\t\t\t\t<\/div>\n\t\t\t\t<div class=\"elementor-element elementor-element-092c2d8 elementor-view-framed elementor-position-inline-start elementor-mobile-position-inline-start elementor-shape-circle elementor-widget elementor-widget-icon-box\" data-id=\"092c2d8\" data-element_type=\"widget\" data-e-type=\"widget\" data-widget_type=\"icon-box.default\">\n\t\t\t\t<div class=\"elementor-widget-container\">\n\t\t\t\t\t\t\t<div class=\"elementor-icon-box-wrapper\">\n\n\t\t\t\t\t\t<div class=\"elementor-icon-box-icon\">\n\t\t\t\t<a href=\"mailto:kontakt@asil.dk\" class=\"elementor-icon\" tabindex=\"-1\" aria-label=\"job@asil.dk\">\n\t\t\t\t<i aria-hidden=\"true\" class=\"fas fa-envelope\"><\/i>\t\t\t\t<\/a>\n\t\t\t<\/div>\n\t\t\t\n\t\t\t\t\t\t<div class=\"elementor-icon-box-content\">\n\n\t\t\t\t\t\t\t\t\t<h6 class=\"elementor-icon-box-title\">\n\t\t\t\t\t\t<a href=\"mailto:kontakt@asil.dk\" >\n\t\t\t\t\t\t\tjob@asil.dk\t\t\t\t\t\t<\/a>\n\t\t\t\t\t<\/h6>\n\t\t\t\t\n\t\t\t\t\n\t\t\t<\/div>\n\t\t\t\n\t\t<\/div>\n\t\t\t\t\t\t<\/div>\n\t\t\t\t<\/div>\n\t\t\t\t<\/div>\n\t\t\t\t<div class=\"elementor-element elementor-element-a80f0e5 elementor-button-align-start elementor-mobile-button-align-start elementor-invisible elementor-widget elementor-widget-form\" data-id=\"a80f0e5\" data-element_type=\"widget\" data-e-type=\"widget\" data-settings=\"{&quot;step_next_label&quot;:&quot;N\\u00e6ste&quot;,&quot;step_previous_label&quot;:&quot;Tidligere&quot;,&quot;_animation&quot;:&quot;fadeIn&quot;,&quot;_animation_delay&quot;:600,&quot;button_width&quot;:&quot;100&quot;,&quot;step_type&quot;:&quot;number_text&quot;,&quot;step_icon_shape&quot;:&quot;circle&quot;}\" data-widget_type=\"form.default\">\n\t\t\t\t<div class=\"elementor-widget-container\">\n\t\t\t\t\t\t\t<form class=\"elementor-form\" method=\"post\" name=\"Ny formular\" aria-label=\"Ny formular\">\n\t\t\t<input type=\"hidden\" name=\"post_id\" value=\"2565\"\/>\n\t\t\t<input type=\"hidden\" name=\"form_id\" value=\"a80f0e5\"\/>\n\t\t\t<input type=\"hidden\" name=\"referer_title\" value=\"Asil\" \/>\n\n\t\t\t\n\t\t\t<div class=\"elementor-form-fields-wrapper elementor-labels-\">\n\t\t\t\t\t\t\t\t<div class=\"elementor-field-type-text elementor-field-group elementor-column elementor-field-group-name elementor-col-100\">\n\t\t\t\t\t\t\t\t\t\t\t\t<label for=\"form-field-name\" class=\"elementor-field-label elementor-screen-only\">\n\t\t\t\t\t\t\t\tNavn\t\t\t\t\t\t\t<\/label>\n\t\t\t\t\t\t\t\t\t\t\t\t\t\t<input size=\"1\" type=\"text\" name=\"form_fields[name]\" id=\"form-field-name\" class=\"elementor-field elementor-size-sm  elementor-field-textual\" placeholder=\"Navn\">\n\t\t\t\t\t\t\t\t\t\t\t<\/div>\n\t\t\t\t\t\t\t\t<div class=\"elementor-field-type-email elementor-field-group elementor-column elementor-field-group-email elementor-col-100 elementor-field-required\">\n\t\t\t\t\t\t\t\t\t\t\t\t<label for=\"form-field-email\" class=\"elementor-field-label elementor-screen-only\">\n\t\t\t\t\t\t\t\tE-mail\t\t\t\t\t\t\t<\/label>\n\t\t\t\t\t\t\t\t\t\t\t\t\t\t<input size=\"1\" type=\"email\" name=\"form_fields[email]\" id=\"form-field-email\" class=\"elementor-field elementor-size-sm  elementor-field-textual\" placeholder=\"E-mail\" required=\"required\">\n\t\t\t\t\t\t\t\t\t\t\t<\/div>\n\t\t\t\t\t\t\t\t<div class=\"elementor-field-type-textarea elementor-field-group elementor-column elementor-field-group-message elementor-col-100\">\n\t\t\t\t\t\t\t\t\t\t\t\t<label for=\"form-field-message\" class=\"elementor-field-label elementor-screen-only\">\n\t\t\t\t\t\t\t\tBesked\t\t\t\t\t\t\t<\/label>\n\t\t\t\t\t\t<textarea class=\"elementor-field-textual elementor-field  elementor-size-sm\" name=\"form_fields[message]\" id=\"form-field-message\" rows=\"4\" placeholder=\"Besked - hvilken stilling omhandler foresp\u00f8rgslen?\"><\/textarea>\t\t\t\t<\/div>\n\t\t\t\t\t\t\t\t<div class=\"elementor-field-type-upload elementor-field-group elementor-column elementor-field-group-field_a237e27 elementor-col-100 elementor-field-required\">\n\t\t\t\t\t\t\t\t\t\t\t\t<label for=\"form-field-field_a237e27\" class=\"elementor-field-label elementor-screen-only\">\n\t\t\t\t\t\t\t\tCV\t\t\t\t\t\t\t<\/label>\n\t\t\t\t\t\t\t\t<input type=\"file\" name=\"form_fields[field_a237e27][]\" id=\"form-field-field_a237e27\" class=\"elementor-field elementor-size-sm  elementor-upload-field\" required=\"required\" multiple=\"multiple\" data-maxsize=\"256\" data-maxsize-message=\"This file exceeds the maximum allowed size.\">\n\n\t\t\t\t\t\t<\/div>\n\t\t\t\t\t\t\t\t<div class=\"elementor-field-type-text\">\n\t\t\t\t\t<input size=\"1\" type=\"text\" name=\"form_fields[honeypot]\" id=\"form-field-honeypot\" class=\"elementor-field elementor-size-sm \" style=\"display:none !important;\">\t\t\t\t<\/div>\n\t\t\t\t\t\t\t\t<div class=\"elementor-field-group elementor-column elementor-field-type-submit elementor-col-100 e-form__buttons\">\n\t\t\t\t\t<button class=\"elementor-button elementor-size-sm\" type=\"submit\">\n\t\t\t\t\t\t<span class=\"elementor-button-content-wrapper\">\n\t\t\t\t\t\t\t\t\t\t\t\t\t\t\t\t\t\t\t\t\t\t<span class=\"elementor-button-text\">Send besked<\/span>\n\t\t\t\t\t\t\t\t\t\t\t\t\t<\/span>\n\t\t\t\t\t<\/button>\n\t\t\t\t<\/div>\n\t\t\t<\/div>\n\t\t<input\n                    class=\"apbct_special_field apbct_email_id__elementor_form\"\n                    name=\"apbct__email_id__elementor_form\"\n                    aria-label=\"apbct__label_id__elementor_form\"\n                    type=\"text\" size=\"30\" maxlength=\"200\" autocomplete=\"off\"\n                    value=\"\"\n                \/><\/form>\n\t\t\t\t\t\t<\/div>\n\t\t\t\t<\/div>\n\t\t\t\t<\/div>\n\t\t<div class=\"elementor-element elementor-element-e3531e7 e-con-full e-flex e-con e-child\" data-id=\"e3531e7\" data-element_type=\"container\" data-e-type=\"container\" data-settings=\"{&quot;background_background&quot;:&quot;gradient&quot;,&quot;position&quot;:&quot;absolute&quot;}\">\n\t\t\t\t<\/div>\n\t\t\t\t\t<\/div>\n\t\t\t\t<\/div>\n\t\t\t\t<\/div>\n\t\t","protected":false},"excerpt":{"rendered":"<p>Ledige stillinger Ekspertise, erfaring &amp; service kvalitet Med vores samlede erfaring p\u00e5 30 \u00e5r og et dygtigt team af teknikere leverer vi f\u00f8rsteklasses service, der sikrer optimal ejendomsdrift. Det kan vi kun g\u00f8re gennem et st\u00e6rkt og serviceminded team, med relevante kompetencer og erfaring. Ingen ledige jobs p.t. Er der en rolle for dig? Send [&hellip;]<\/p>\n","protected":false},"author":1,"featured_media":0,"parent":0,"menu_order":0,"comment_status":"closed","ping_status":"closed","template":"","meta":{"footnotes":""},"class_list":["post-2565","page","type-page","status-publish","hentry"],"yoast_head":"<!-- This site is optimized with the Yoast SEO plugin v27.5 - https:\/\/yoast.com\/product\/yoast-seo-wordpress\/ -->\n<title>Jobs - Asil<\/title>\n<meta name=\"robots\" content=\"index, follow, max-snippet:-1, max-image-preview:large, max-video-preview:-1\" \/>\n<link rel=\"canonical\" href=\"https:\/\/asil.dk\/en\/jobs\/\" \/>\n<meta property=\"og:locale\" content=\"en_GB\" \/>\n<meta property=\"og:type\" content=\"article\" \/>\n<meta property=\"og:title\" content=\"Jobs - Asil\" \/>\n<meta property=\"og:description\" content=\"Ledige stillinger Ekspertise, erfaring &amp; service kvalitet Med vores samlede erfaring p\u00e5 30 \u00e5r og et dygtigt team af teknikere leverer vi f\u00f8rsteklasses service, der sikrer optimal ejendomsdrift. Det kan vi kun g\u00f8re gennem et st\u00e6rkt og serviceminded team, med relevante kompetencer og erfaring. Ingen ledige jobs p.t. Er der en rolle for dig? Send [&hellip;]\" \/>\n<meta property=\"og:url\" content=\"https:\/\/asil.dk\/en\/jobs\/\" \/>\n<meta property=\"og:site_name\" content=\"Asil\" \/>\n<meta property=\"article:modified_time\" content=\"2026-02-24T13:29:40+00:00\" \/>\n<meta property=\"og:image\" content=\"https:\/\/asil.dk\/wp-content\/uploads\/Title-5.png\" \/>\n\t<meta property=\"og:image:width\" content=\"1200\" \/>\n\t<meta property=\"og:image:height\" content=\"1200\" \/>\n\t<meta property=\"og:image:type\" content=\"image\/png\" \/>\n<meta name=\"twitter:card\" content=\"summary_large_image\" \/>\n<meta name=\"twitter:label1\" content=\"Estimated reading time\" \/>\n\t<meta name=\"twitter:data1\" content=\"2 minutes\" \/>\n<script type=\"application\/ld+json\" class=\"yoast-schema-graph\">{\"@context\":\"https:\\\/\\\/schema.org\",\"@graph\":[{\"@type\":\"WebPage\",\"@id\":\"https:\\\/\\\/asil.dk\\\/jobs\\\/\",\"url\":\"https:\\\/\\\/asil.dk\\\/jobs\\\/\",\"name\":\"Jobs - Asil\",\"isPartOf\":{\"@id\":\"https:\\\/\\\/asil.dk\\\/#website\"},\"primaryImageOfPage\":{\"@id\":\"https:\\\/\\\/asil.dk\\\/jobs\\\/#primaryimage\"},\"image\":{\"@id\":\"https:\\\/\\\/asil.dk\\\/jobs\\\/#primaryimage\"},\"thumbnailUrl\":\"https:\\\/\\\/asil.dk\\\/wp-content\\\/uploads\\\/Title-5-1024x1024.png\",\"datePublished\":\"2025-04-28T10:41:16+00:00\",\"dateModified\":\"2026-02-24T13:29:40+00:00\",\"inLanguage\":\"en-GB\",\"potentialAction\":[{\"@type\":\"ReadAction\",\"target\":[\"https:\\\/\\\/asil.dk\\\/jobs\\\/\"]}]},{\"@type\":\"ImageObject\",\"inLanguage\":\"en-GB\",\"@id\":\"https:\\\/\\\/asil.dk\\\/jobs\\\/#primaryimage\",\"url\":\"https:\\\/\\\/asil.dk\\\/wp-content\\\/uploads\\\/Title-5-1024x1024.png\",\"contentUrl\":\"https:\\\/\\\/asil.dk\\\/wp-content\\\/uploads\\\/Title-5-1024x1024.png\"},{\"@type\":\"WebSite\",\"@id\":\"https:\\\/\\\/asil.dk\\\/#website\",\"url\":\"https:\\\/\\\/asil.dk\\\/\",\"name\":\"Asil\",\"description\":\"\",\"publisher\":{\"@id\":\"https:\\\/\\\/asil.dk\\\/#organization\"},\"potentialAction\":[{\"@type\":\"SearchAction\",\"target\":{\"@type\":\"EntryPoint\",\"urlTemplate\":\"https:\\\/\\\/asil.dk\\\/?s={search_term_string}\"},\"query-input\":{\"@type\":\"PropertyValueSpecification\",\"valueRequired\":true,\"valueName\":\"search_term_string\"}}],\"inLanguage\":\"en-GB\"},{\"@type\":\"Organization\",\"@id\":\"https:\\\/\\\/asil.dk\\\/#organization\",\"name\":\"Asil\",\"url\":\"https:\\\/\\\/asil.dk\\\/\",\"logo\":{\"@type\":\"ImageObject\",\"inLanguage\":\"en-GB\",\"@id\":\"https:\\\/\\\/asil.dk\\\/#\\\/schema\\\/logo\\\/image\\\/\",\"url\":\"https:\\\/\\\/asil.dk\\\/wp-content\\\/uploads\\\/logo-e1743680678167.png\",\"contentUrl\":\"https:\\\/\\\/asil.dk\\\/wp-content\\\/uploads\\\/logo-e1743680678167.png\",\"width\":300,\"height\":80,\"caption\":\"Asil\"},\"image\":{\"@id\":\"https:\\\/\\\/asil.dk\\\/#\\\/schema\\\/logo\\\/image\\\/\"}}]}<\/script>\n<!-- \/ Yoast SEO plugin. -->","yoast_head_json":{"title":"Jobs - Asil","robots":{"index":"index","follow":"follow","max-snippet":"max-snippet:-1","max-image-preview":"max-image-preview:large","max-video-preview":"max-video-preview:-1"},"canonical":"https:\/\/asil.dk\/en\/jobs\/","og_locale":"en_GB","og_type":"article","og_title":"Jobs - Asil","og_description":"Ledige stillinger Ekspertise, erfaring &amp; service kvalitet Med vores samlede erfaring p\u00e5 30 \u00e5r og et dygtigt team af teknikere leverer vi f\u00f8rsteklasses service, der sikrer optimal ejendomsdrift. Det kan vi kun g\u00f8re gennem et st\u00e6rkt og serviceminded team, med relevante kompetencer og erfaring. Ingen ledige jobs p.t. Er der en rolle for dig? Send [&hellip;]","og_url":"https:\/\/asil.dk\/en\/jobs\/","og_site_name":"Asil","article_modified_time":"2026-02-24T13:29:40+00:00","og_image":[{"width":1200,"height":1200,"url":"https:\/\/asil.dk\/wp-content\/uploads\/Title-5.png","type":"image\/png"}],"twitter_card":"summary_large_image","twitter_misc":{"Estimated reading time":"2 minutes"},"schema":{"@context":"https:\/\/schema.org","@graph":[{"@type":"WebPage","@id":"https:\/\/asil.dk\/jobs\/","url":"https:\/\/asil.dk\/jobs\/","name":"Jobs - Asil","isPartOf":{"@id":"https:\/\/asil.dk\/#website"},"primaryImageOfPage":{"@id":"https:\/\/asil.dk\/jobs\/#primaryimage"},"image":{"@id":"https:\/\/asil.dk\/jobs\/#primaryimage"},"thumbnailUrl":"https:\/\/asil.dk\/wp-content\/uploads\/Title-5-1024x1024.png","datePublished":"2025-04-28T10:41:16+00:00","dateModified":"2026-02-24T13:29:40+00:00","inLanguage":"en-GB","potentialAction":[{"@type":"ReadAction","target":["https:\/\/asil.dk\/jobs\/"]}]},{"@type":"ImageObject","inLanguage":"en-GB","@id":"https:\/\/asil.dk\/jobs\/#primaryimage","url":"https:\/\/asil.dk\/wp-content\/uploads\/Title-5-1024x1024.png","contentUrl":"https:\/\/asil.dk\/wp-content\/uploads\/Title-5-1024x1024.png"},{"@type":"WebSite","@id":"https:\/\/asil.dk\/#website","url":"https:\/\/asil.dk\/","name":"Asil","description":"","publisher":{"@id":"https:\/\/asil.dk\/#organization"},"potentialAction":[{"@type":"SearchAction","target":{"@type":"EntryPoint","urlTemplate":"https:\/\/asil.dk\/?s={search_term_string}"},"query-input":{"@type":"PropertyValueSpecification","valueRequired":true,"valueName":"search_term_string"}}],"inLanguage":"en-GB"},{"@type":"Organization","@id":"https:\/\/asil.dk\/#organization","name":"Asil","url":"https:\/\/asil.dk\/","logo":{"@type":"ImageObject","inLanguage":"en-GB","@id":"https:\/\/asil.dk\/#\/schema\/logo\/image\/","url":"https:\/\/asil.dk\/wp-content\/uploads\/logo-e1743680678167.png","contentUrl":"https:\/\/asil.dk\/wp-content\/uploads\/logo-e1743680678167.png","width":300,"height":80,"caption":"Asil"},"image":{"@id":"https:\/\/asil.dk\/#\/schema\/logo\/image\/"}}]}},"_links":{"self":[{"href":"https:\/\/asil.dk\/en\/wp-json\/wp\/v2\/pages\/2565","targetHints":{"allow":["GET"]}}],"collection":[{"href":"https:\/\/asil.dk\/en\/wp-json\/wp\/v2\/pages"}],"about":[{"href":"https:\/\/asil.dk\/en\/wp-json\/wp\/v2\/types\/page"}],"author":[{"embeddable":true,"href":"https:\/\/asil.dk\/en\/wp-json\/wp\/v2\/users\/1"}],"replies":[{"embeddable":true,"href":"https:\/\/asil.dk\/en\/wp-json\/wp\/v2\/comments?post=2565"}],"version-history":[{"count":20,"href":"https:\/\/asil.dk\/en\/wp-json\/wp\/v2\/pages\/2565\/revisions"}],"predecessor-version":[{"id":3002,"href":"https:\/\/asil.dk\/en\/wp-json\/wp\/v2\/pages\/2565\/revisions\/3002"}],"wp:attachment":[{"href":"https:\/\/asil.dk\/en\/wp-json\/wp\/v2\/media?parent=2565"}],"curies":[{"name":"wp","href":"https:\/\/api.w.org\/{rel}","templated":true}]}}